{"id":1296,"date":"2024-02-08T22:16:21","date_gmt":"2024-02-08T22:16:21","guid":{"rendered":"https:\/\/mobixpartners.com\/?page_id=1296"},"modified":"2024-03-24T21:50:38","modified_gmt":"2024-03-24T21:50:38","slug":"sik-sorulan-sorular","status":"publish","type":"page","link":"https:\/\/mobixpartners.com\/en\/faq\/","title":{"rendered":"Faq"},"content":{"rendered":"<div data-elementor-type=\"wp-page\" data-elementor-id=\"1296\" class=\"elementor elementor-1296\" data-elementor-post-type=\"page\">\n\t\t\t\t\t\t<section class=\"elementor-section elementor-top-section elementor-element elementor-element-f1eb5ad elementor-section-boxed elementor-section-height-default elementor-section-height-default\" data-id=\"f1eb5ad\" data-element_type=\"section\" data-settings=\"{&quot;background_background&quot;:&quot;classic&quot;}\">\n\t\t\t\t\t\t<div class=\"elementor-container elementor-column-gap-no\">\n\t\t\t\t\t<div class=\"elementor-column elementor-col-100 elementor-top-column elementor-element elementor-element-cc7ae77\" data-id=\"cc7ae77\" data-element_type=\"column\">\n\t\t\t<div class=\"elementor-widget-wrap elementor-element-populated\">\n\t\t\t\t\t\t<section class=\"elementor-section elementor-inner-section elementor-element elementor-element-2c4d885 elementor-section-full_width elementor-section-content-middle elementor-section-height-default elementor-section-height-default\" data-id=\"2c4d885\" data-element_type=\"section\">\n\t\t\t\t\t\t<div class=\"elementor-container elementor-column-gap-no\">\n\t\t\t\t\t<div class=\"elementor-column elementor-col-50 elementor-inner-column elementor-element elementor-element-5f1b90a\" data-id=\"5f1b90a\" data-element_type=\"column\">\n\t\t\t<div class=\"elementor-widget-wrap elementor-element-populated\">\n\t\t\t\t\t\t<div class=\"elementor-element elementor-element-d7273d4 elementor-widget elementor-widget-tg-heading\" data-id=\"d7273d4\" data-element_type=\"widget\" data-widget_type=\"tg-heading.default\">\n\t\t\t\t<div class=\"elementor-widget-container\">\n\t\t\t\t\t\r\n        \r\n            <div class=\"section-title-two tg-heading-subheading animation-style3\">\r\n                                    <span class=\"sub-title\">Faq<\/span>\r\n                                <h2 class=\"title tg-element-title\">You can find the answers to the most curious questions here.<\/h2>            <\/div>\r\n\r\n        \r\n\t\t\t\t<\/div>\n\t\t\t\t<\/div>\n\t\t\t\t\t<\/div>\n\t\t<\/div>\n\t\t\t\t<div class=\"elementor-column elementor-col-50 elementor-inner-column elementor-element elementor-element-23a3a95\" data-id=\"23a3a95\" data-element_type=\"column\">\n\t\t\t<div class=\"elementor-widget-wrap elementor-element-populated\">\n\t\t\t\t\t\t<div class=\"elementor-element elementor-element-af9592b elementor-widget__width-initial mx-auto me-lg-0 ms-lg-auto elementor-widget elementor-widget-heading\" data-id=\"af9592b\" data-element_type=\"widget\" data-widget_type=\"heading.default\">\n\t\t\t\t<div class=\"elementor-widget-container\">\n\t\t\t\t\t<p class=\"elementor-heading-title elementor-size-default\">Mobix Partners, Karada\u011f'da \u015firket kurulumu, oturum izni ve gayrimenkul dan\u0131\u015fmanl\u0131\u011f\u0131 konular\u0131nda uzmanla\u015fm\u0131\u015f bir \u015firkettir. \nS\u0131k sorulan sorular sayfam\u0131zda, Karada\u011f'da i\u015f, ya\u015fam ve yat\u0131r\u0131mla ilgili en yayg\u0131n sorular\u0131n\u0131z\u0131n yan\u0131tlar\u0131n\u0131 bulabilirsiniz.<\/p>\t\t\t\t<\/div>\n\t\t\t\t<\/div>\n\t\t\t\t\t<\/div>\n\t\t<\/div>\n\t\t\t\t\t<\/div>\n\t\t<\/section>\n\t\t\t\t<section class=\"elementor-section elementor-inner-section elementor-element elementor-element-a14e6f4 elementor-section-full_width elementor-section-height-default elementor-section-height-default\" data-id=\"a14e6f4\" data-element_type=\"section\">\n\t\t\t\t\t\t<div class=\"elementor-container elementor-column-gap-no\">\n\t\t\t\t\t<div class=\"elementor-column elementor-col-100 elementor-inner-column elementor-element elementor-element-b64c54b\" data-id=\"b64c54b\" data-element_type=\"column\">\n\t\t\t<div class=\"elementor-widget-wrap elementor-element-populated\">\n\t\t\t\t\t\t<div class=\"elementor-element elementor-element-92e58ea elementor-widget elementor-widget-genix-faq\" data-id=\"92e58ea\" data-element_type=\"widget\" data-widget_type=\"genix-faq.default\">\n\t\t\t\t<div class=\"elementor-widget-container\">\n\t\t\t\t\t\r\n        \r\n            <div class=\"faq-content\">\r\n                <div class=\"accordion-wrap\">\r\n                    <div class=\"accordion\" id=\"accordionExample\">\r\n\r\n                                                    <div class=\"accordion-item\">\r\n                                <h2 class=\"accordion-header\" id=\"headingOne-0\">\r\n                                    <button class=\"accordion-button\" type=\"button\" data-bs-toggle=\"collapse\" data-bs-target=\"#collapseOne-0\" aria-expanded=\"true\" aria-controls=\"collapseOne-0\">\r\n                                        What are the benefits of opening a company in Montenegro?                                    <\/button>\r\n                                <\/h2>\r\n                                <div id=\"collapseOne-0\" class=\"accordion-collapse collapse show\" aria-labelledby=\"headingOne-0\" data-bs-parent=\"#accordionExample\">\r\n                                    <div class=\"accordion-body\">\r\n                                        <p>Montenegro is the first country expected to join the EU in 2025.The low tax rate, the fast procedure for setting up a company in just 1 week, and a flexible tax system are an added advantage for all foreigners who want to open a company in Montenegro.Corporate tax in Montenegro is only 9%, representing the lowest corporate tax in Europe, but also one of the lowest corporate taxes in the world.In addition, the opening of the company gives foreigners the opportunity to apply for temporary residence in Montenegro for a period of one year with the possibility of extension.In addition, a person who owns more than 50% shares in the company and is also a director of the company in accordance with the laws of Montenegro has the right to obtain a permanent residence permit (after 5 years of regular renewal of the temporary residence and work permit and in accordance with legal regulations).An additional benefit is the possibility of obtaining a permanent residence permit for the director of the company in the case of five consecutive temporary residence permits obtained with previously fulfilled conditions stipulated by the Foreigners Law.In addition, if a family member is employed and has a temporary residence and work permit, other family members (spouse and children under the age of 17) are entitled to free health insurance at no additional cost.<\/p>\r\n                                    <\/div>\r\n                                <\/div>\r\n                            <\/div>\r\n                                                    <div class=\"accordion-item\">\r\n                                <h2 class=\"accordion-header\" id=\"headingOne-1\">\r\n                                    <button class=\"accordion-button collapsed\" type=\"button\" data-bs-toggle=\"collapse\" data-bs-target=\"#collapseOne-1\" aria-expanded=\"true\" aria-controls=\"collapseOne-1\">\r\n                                        Can a foreigner open a company in Montenegro and what documents are required to open a company?                                    <\/button>\r\n                                <\/h2>\r\n                                <div id=\"collapseOne-1\" class=\"accordion-collapse collapse\" aria-labelledby=\"headingOne-1\" data-bs-parent=\"#accordionExample\">\r\n                                    <div class=\"accordion-body\">\r\n                                        <p>Foreign citizens can open a company in Montenegro under the same conditions as Montenegrin citizens.You can find the necessary documents on this subject on our company establishment page.The company formation process is extremely fast and takes less than 7 days.In the event that the founder will not be able to participate in the company opening process in person, we also offer our customers the opportunity to open a company with a notarized and Apostille certified power of attorney.Contact us for more information.<\/p>\r\n                                    <\/div>\r\n                                <\/div>\r\n                            <\/div>\r\n                                                    <div class=\"accordion-item\">\r\n                                <h2 class=\"accordion-header\" id=\"headingOne-2\">\r\n                                    <button class=\"accordion-button collapsed\" type=\"button\" data-bs-toggle=\"collapse\" data-bs-target=\"#collapseOne-2\" aria-expanded=\"true\" aria-controls=\"collapseOne-2\">\r\n                                        What types of companies are possible to set up in Montenegro?                                    <\/button>\r\n                                <\/h2>\r\n                                <div id=\"collapseOne-2\" class=\"accordion-collapse collapse\" aria-labelledby=\"headingOne-2\" data-bs-parent=\"#accordionExample\">\r\n                                    <div class=\"accordion-body\">\r\n                                        <p>The following types of companies can be established in Montenegro: Entrepreneur (Sole Proprietorship), Partnership Company, Limited Partnership, Joint Stock Company, Branch of Limited Liability Company, Branch of Foreign Company<\/p>\r\n                                    <\/div>\r\n                                <\/div>\r\n                            <\/div>\r\n                                                    <div class=\"accordion-item\">\r\n                                <h2 class=\"accordion-header\" id=\"headingOne-3\">\r\n                                    <button class=\"accordion-button collapsed\" type=\"button\" data-bs-toggle=\"collapse\" data-bs-target=\"#collapseOne-3\" aria-expanded=\"true\" aria-controls=\"collapseOne-3\">\r\n                                        Will my tax and\/or loan debts in Turkey prevent me from opening a company in Montenegro?                                    <\/button>\r\n                                <\/h2>\r\n                                <div id=\"collapseOne-3\" class=\"accordion-collapse collapse\" aria-labelledby=\"headingOne-3\" data-bs-parent=\"#accordionExample\">\r\n                                    <div class=\"accordion-body\">\r\n                                        <p>When establishing a company in Montenegro, your financial situation and\/or debts in Turkey do not affect any business you will open in Montenegro.However, your criminal record must of course be appropriate.<\/p>\r\n                                    <\/div>\r\n                                <\/div>\r\n                            <\/div>\r\n                                                    <div class=\"accordion-item\">\r\n                                <h2 class=\"accordion-header\" id=\"headingOne-4\">\r\n                                    <button class=\"accordion-button collapsed\" type=\"button\" data-bs-toggle=\"collapse\" data-bs-target=\"#collapseOne-4\" aria-expanded=\"true\" aria-controls=\"collapseOne-4\">\r\n                                        Can I have a company in both Turkey and Montenegro?\nCan I appear as an employee in both countries?                                    <\/button>\r\n                                <\/h2>\r\n                                <div id=\"collapseOne-4\" class=\"accordion-collapse collapse\" aria-labelledby=\"headingOne-4\" data-bs-parent=\"#accordionExample\">\r\n                                    <div class=\"accordion-body\">\r\n                                        <p>Of course, there is no obstacle to having a company in both Turkey and Montenegro and you can appear as an employee in both countries.<\/p>\r\n                                    <\/div>\r\n                                <\/div>\r\n                            <\/div>\r\n                                                    <div class=\"accordion-item\">\r\n                                <h2 class=\"accordion-header\" id=\"headingOne-5\">\r\n                                    <button class=\"accordion-button collapsed\" type=\"button\" data-bs-toggle=\"collapse\" data-bs-target=\"#collapseOne-5\" aria-expanded=\"true\" aria-controls=\"collapseOne-5\">\r\n                                        Do I need to go to Montenegro to set up a company?                                    <\/button>\r\n                                <\/h2>\r\n                                <div id=\"collapseOne-5\" class=\"accordion-collapse collapse\" aria-labelledby=\"headingOne-5\" data-bs-parent=\"#accordionExample\">\r\n                                    <div class=\"accordion-body\">\r\n                                        <p>You can establish a company by proxy without going to Montenegro, but you must be in Montenegro for your work and residence permit application.<\/p>\r\n                                    <\/div>\r\n                                <\/div>\r\n                            <\/div>\r\n                                                    <div class=\"accordion-item\">\r\n                                <h2 class=\"accordion-header\" id=\"headingOne-6\">\r\n                                    <button class=\"accordion-button collapsed\" type=\"button\" data-bs-toggle=\"collapse\" data-bs-target=\"#collapseOne-6\" aria-expanded=\"true\" aria-controls=\"collapseOne-6\">\r\n                                        How long does the process of opening a company take, and is it necessary for the founder to be present in person.                                    <\/button>\r\n                                <\/h2>\r\n                                <div id=\"collapseOne-6\" class=\"accordion-collapse collapse\" aria-labelledby=\"headingOne-6\" data-bs-parent=\"#accordionExample\">\r\n                                    <div class=\"accordion-body\">\r\n                                        <p>The company establishment process takes an average of 7 days.In the event that the founder will not be able to participate in the company opening process in person, we can initiate the transactions by requesting a notarized and Apostille certified power of attorney from our clients.<\/p>\r\n                                    <\/div>\r\n                                <\/div>\r\n                            <\/div>\r\n                                                    <div class=\"accordion-item\">\r\n                                <h2 class=\"accordion-header\" id=\"headingOne-7\">\r\n                                    <button class=\"accordion-button collapsed\" type=\"button\" data-bs-toggle=\"collapse\" data-bs-target=\"#collapseOne-7\" aria-expanded=\"true\" aria-controls=\"collapseOne-7\">\r\n                                        Will it be a problem if I set up a company in Montenegro and then do no business at all?                                    <\/button>\r\n                                <\/h2>\r\n                                <div id=\"collapseOne-7\" class=\"accordion-collapse collapse\" aria-labelledby=\"headingOne-7\" data-bs-parent=\"#accordionExample\">\r\n                                    <div class=\"accordion-body\">\r\n                                        <p>Under current law, there is no obligation for foreign-owned companies to do business or show endorsement.Company owners who finish the tax period with zero turnover continue to benefit from their residence rights.<\/p>\r\n                                    <\/div>\r\n                                <\/div>\r\n                            <\/div>\r\n                                                    <div class=\"accordion-item\">\r\n                                <h2 class=\"accordion-header\" id=\"headingOne-8\">\r\n                                    <button class=\"accordion-button collapsed\" type=\"button\" data-bs-toggle=\"collapse\" data-bs-target=\"#collapseOne-8\" aria-expanded=\"true\" aria-controls=\"collapseOne-8\">\r\n                                        By establishing a company in Montenegro, you get a 1-year temporary residence and work permit in the first place.                                    <\/button>\r\n                                <\/h2>\r\n                                <div id=\"collapseOne-8\" class=\"accordion-collapse collapse\" aria-labelledby=\"headingOne-8\" data-bs-parent=\"#accordionExample\">\r\n                                    <div class=\"accordion-body\">\r\n                                        <p>Karada\u011f\u2019da \u015firket kurararak ilk etapta 1 y\u0131ll\u0131k ge\u00e7ici oturum ve \u00e7al\u0131\u015fma izni al\u0131rs\u0131n\u0131z.\n<\/p>\r\n                                    <\/div>\r\n                                <\/div>\r\n                            <\/div>\r\n                                                    <div class=\"accordion-item\">\r\n                                <h2 class=\"accordion-header\" id=\"headingOne-9\">\r\n                                    <button class=\"accordion-button collapsed\" type=\"button\" data-bs-toggle=\"collapse\" data-bs-target=\"#collapseOne-9\" aria-expanded=\"true\" aria-controls=\"collapseOne-9\">\r\n                                        What documents do foreigners need to obtain a temporary residence and work permit under family reunification in Montenegro?                                    <\/button>\r\n                                <\/h2>\r\n                                <div id=\"collapseOne-9\" class=\"accordion-collapse collapse\" aria-labelledby=\"headingOne-9\" data-bs-parent=\"#accordionExample\">\r\n                                    <div class=\"accordion-body\">\r\n                                        <p>Foreigners can obtain a seasonal or annual temporary residence permit on the basis of employment, real estate ownership, or family reunification if a family member already has a temporary residence permit. Documents such as a criminal record certificate, marriage certificate, address registration, passport, birth certificate must be provided. It is extremely important for a foreigner to register as a tourist within 24 hours of entering Montenegro. Because if this process is not done, the legal process required to apply for a work permit cannot be initiated.<\/p>\r\n                                    <\/div>\r\n                                <\/div>\r\n                            <\/div>\r\n                                                    <div class=\"accordion-item\">\r\n                                <h2 class=\"accordion-header\" id=\"headingOne-10\">\r\n                                    <button class=\"accordion-button collapsed\" type=\"button\" data-bs-toggle=\"collapse\" data-bs-target=\"#collapseOne-10\" aria-expanded=\"true\" aria-controls=\"collapseOne-10\">\r\n                                        Can I go to other European countries without a visa when I get a residence in Montenegro?                                    <\/button>\r\n                                <\/h2>\r\n                                <div id=\"collapseOne-10\" class=\"accordion-collapse collapse\" aria-labelledby=\"headingOne-10\" data-bs-parent=\"#accordionExample\">\r\n                                    <div class=\"accordion-body\">\r\n                                        <p>If you have a Turkish passport and have a temporary residence permit in Montenegro, this does not allow you to travel to another European Union or Schengen country. The visa rules of the relevant countries are the same. However, people who have established a company in Montenegro and paid all their expenses regularly or who have a work and residence permit for a while can easily apply for a Schengen visa. The most important factors are that your salary is paid regularly, a certain financial resource, your taxes have been paid, and you have a regular address in Montenegro.<\/p>\r\n                                    <\/div>\r\n                                <\/div>\r\n                            <\/div>\r\n                                            <\/div>\r\n                <\/div>\r\n            <\/div>\r\n\r\n        \t\t\t\t<\/div>\n\t\t\t\t<\/div>\n\t\t\t\t\t<\/div>\n\t\t<\/div>\n\t\t\t\t\t<\/div>\n\t\t<\/section>\n\t\t\t\t\t<\/div>\n\t\t<\/div>\n\t\t\t\t\t<\/div>\n\t\t<\/section>\n\t\t\t\t<\/div>","protected":false},"excerpt":{"rendered":"<p>S\u0131k Sorulan Sorular En \u00c7ok Merak Edilen Sorular\u0131n Cevaplar\u0131na Buradan Ula\u015fabilirsiniz Mobix Partners, Karada\u011f&#8217;da \u015firket kurulumu, oturum izni ve gayrimenkul dan\u0131\u015fmanl\u0131\u011f\u0131 konular\u0131nda uzmanla\u015fm\u0131\u015f bir \u015firkettir. S\u0131k sorulan sorular sayfam\u0131zda, Karada\u011f&#8217;da i\u015f, ya\u015fam ve yat\u0131r\u0131mla ilgili en yayg\u0131n sorular\u0131n\u0131z\u0131n yan\u0131tlar\u0131n\u0131 bulabilirsiniz. Karada\u011f&#039;da \u015firket a\u00e7man\u0131n faydalar\u0131 nelerdir? Karada\u011f, 2025 y\u0131l\u0131nda AB ye girmesi beklenen ilk \u00fclkedir. D\u00fc\u015f\u00fck [&hellip;]<\/p>","protected":false},"author":1,"featured_media":2416,"parent":0,"menu_order":0,"comment_status":"closed","ping_status":"closed","template":"elementor_header_footer","meta":{"_acf_changed":false,"_monsterinsights_skip_tracking":false,"_monsterinsights_sitenote_active":false,"_monsterinsights_sitenote_note":"","_monsterinsights_sitenote_category":0,"footnotes":""},"class_list":["post-1296","page","type-page","status-publish","has-post-thumbnail","hentry"],"acf":[],"aioseo_notices":[],"_links":{"self":[{"href":"https:\/\/mobixpartners.com\/en\/wp-json\/wp\/v2\/pages\/1296","targetHints":{"allow":["GET"]}}],"collection":[{"href":"https:\/\/mobixpartners.com\/en\/wp-json\/wp\/v2\/pages"}],"about":[{"href":"https:\/\/mobixpartners.com\/en\/wp-json\/wp\/v2\/types\/page"}],"author":[{"embeddable":true,"href":"https:\/\/mobixpartners.com\/en\/wp-json\/wp\/v2\/users\/1"}],"replies":[{"embeddable":true,"href":"https:\/\/mobixpartners.com\/en\/wp-json\/wp\/v2\/comments?post=1296"}],"version-history":[{"count":0,"href":"https:\/\/mobixpartners.com\/en\/wp-json\/wp\/v2\/pages\/1296\/revisions"}],"wp:featuredmedia":[{"embeddable":true,"href":"https:\/\/mobixpartners.com\/en\/wp-json\/wp\/v2\/media\/2416"}],"wp:attachment":[{"href":"https:\/\/mobixpartners.com\/en\/wp-json\/wp\/v2\/media?parent=1296"}],"curies":[{"name":"wp","href":"https:\/\/api.w.org\/{rel}","templated":true}]}}