{"id":1585,"date":"2024-02-10T17:04:28","date_gmt":"2024-02-10T17:04:28","guid":{"rendered":"https:\/\/mobixpartners.com\/?page_id=1585"},"modified":"2024-02-25T23:51:23","modified_gmt":"2024-02-25T23:51:23","slug":"hizmetlerimiz","status":"publish","type":"page","link":"https:\/\/mobixpartners.com\/ru\/\u0443\u0441\u043b\u0443\u0433\u0438\/","title":{"rendered":"\u0443\u0441\u043b\u0443\u0433\u0438"},"content":{"rendered":"<div data-elementor-type=\"wp-page\" data-elementor-id=\"1585\" class=\"elementor elementor-1585\" data-elementor-post-type=\"page\">\n\t\t\t\t\t\t<section class=\"elementor-section elementor-top-section elementor-element elementor-element-157e458c elementor-section-boxed elementor-section-height-default elementor-section-height-default\" data-id=\"157e458c\" data-element_type=\"section\" data-settings=\"{&quot;background_background&quot;:&quot;classic&quot;}\">\n\t\t\t\t\t\t<div class=\"elementor-container elementor-column-gap-no\">\n\t\t\t\t\t<div class=\"elementor-column elementor-col-100 elementor-top-column elementor-element elementor-element-7247ce46\" data-id=\"7247ce46\" data-element_type=\"column\">\n\t\t\t<div class=\"elementor-widget-wrap elementor-element-populated\">\n\t\t\t\t\t\t<section class=\"elementor-section elementor-inner-section elementor-element elementor-element-56925a09 elementor-section-full_width elementor-section-content-middle elementor-section-height-default elementor-section-height-default\" data-id=\"56925a09\" data-element_type=\"section\">\n\t\t\t\t\t\t<div class=\"elementor-container elementor-column-gap-no\">\n\t\t\t\t\t<div class=\"elementor-column elementor-col-50 elementor-inner-column elementor-element elementor-element-1fe13ef4\" data-id=\"1fe13ef4\" data-element_type=\"column\">\n\t\t\t<div class=\"elementor-widget-wrap elementor-element-populated\">\n\t\t\t\t\t\t<div class=\"elementor-element elementor-element-3a7f171a elementor-widget elementor-widget-tg-heading\" data-id=\"3a7f171a\" data-element_type=\"widget\" data-widget_type=\"tg-heading.default\">\n\t\t\t\t<div class=\"elementor-widget-container\">\n\t\t\t\t\t\r\n        \r\n            <div class=\"section-title-two tg-heading-subheading animation-style3\">\r\n                                    <span class=\"sub-title\">Sizin \u0130\u00e7in Ne Yap\u0131yoruz?<\/span>\r\n                                <h2 class=\"title tg-element-title\">\u0130lham Verebilir ve Farkl\u0131 Hizmetler Sunabiliriz.<\/h2>            <\/div>\r\n\r\n        \r\n\t\t\t\t<\/div>\n\t\t\t\t<\/div>\n\t\t\t\t\t<\/div>\n\t\t<\/div>\n\t\t\t\t<div class=\"elementor-column elementor-col-50 elementor-inner-column elementor-element elementor-element-3b848f40\" data-id=\"3b848f40\" data-element_type=\"column\">\n\t\t\t<div class=\"elementor-widget-wrap elementor-element-populated\">\n\t\t\t\t\t\t<div class=\"elementor-element elementor-element-5c7566d8 elementor-widget__width-initial mx-auto me-lg-0 ms-lg-auto elementor-widget elementor-widget-heading\" data-id=\"5c7566d8\" data-element_type=\"widget\" data-widget_type=\"heading.default\">\n\t\t\t\t<div class=\"elementor-widget-container\">\n\t\t\t\t\t<p class=\"elementor-heading-title elementor-size-default\">Karada\u011f'da \u015firket kurma, oturum izni alma veya gayrimenkul yat\u0131r\u0131m\u0131 m\u0131 yapmak istiyorsunuz? Mobix Partners, bu alandaki t\u00fcm ihtiya\u00e7lar\u0131n\u0131z i\u00e7in tek adrestir.<\/p>\t\t\t\t<\/div>\n\t\t\t\t<\/div>\n\t\t\t\t\t<\/div>\n\t\t<\/div>\n\t\t\t\t\t<\/div>\n\t\t<\/section>\n\t\t\t\t<section class=\"elementor-section elementor-inner-section elementor-element elementor-element-6f7d8b47 elementor-section-full_width elementor-section-height-default elementor-section-height-default\" data-id=\"6f7d8b47\" data-element_type=\"section\">\n\t\t\t\t\t\t<div class=\"elementor-container elementor-column-gap-no\">\n\t\t\t\t\t<div class=\"elementor-column elementor-col-100 elementor-inner-column elementor-element elementor-element-5e01fc8\" data-id=\"5e01fc8\" data-element_type=\"column\">\n\t\t\t<div class=\"elementor-widget-wrap elementor-element-populated\">\n\t\t\t\t\t\t<div class=\"elementor-element elementor-element-588937b9 elementor-widget elementor-widget-tg-servicesBox\" data-id=\"588937b9\" data-element_type=\"widget\" data-widget_type=\"tg-servicesBox.default\">\n\t\t\t\t<div class=\"elementor-widget-container\">\n\t\t\t\t\t\r\n        \r\n            <div class=\"row justify-content-center\">\r\n                \r\n                                            <div class=\"col-xl-3 col-lg-4 col-md-6 col-sm-8\">\r\n                            <div class=\"services-item-two\">\r\n                                <div class=\"services-thumb-two\">\r\n                                    <img decoding=\"async\" src=\"https:\/\/mobixpartners.com\/wp-content\/uploads\/2024\/02\/sirket-kurulumu.webp\" alt=\"Image\">\r\n\r\n                                                                            <div class=\"item-shape\">\r\n                                            <img decoding=\"async\" src=\"https:\/\/themedox.com\/gerow\/wp-content\/uploads\/2023\/08\/services_item_shape.png\" alt=\"Shape\">\r\n                                        <\/div>\r\n                                                                    <\/div>\r\n                                <div class=\"services-content-two\">\r\n                                                                            <div class=\"icon\">\r\n                                            <i aria-hidden=\"true\" class=\"genix flaticon-folder\"><\/i>                                        <\/div>\r\n                                                                        <h2 class=\"title\"><a href=\"https:\/\/mobixpartners.com\/ru\/Hizmetlerimiz\/karadag-sirket-kurulumu\/\">Karada\u011f \u015eirket Kurulumu<\/a><\/h2>\r\n                                                                            <p>Morem ipsum dolor ametey consectre adipiscing.<\/p>\r\n                                                                    <\/div>\r\n                            <\/div>\r\n                        <\/div>\r\n                    \r\n                \r\n                                            <div class=\"col-xl-3 col-lg-4 col-md-6 col-sm-8\">\r\n                            <div class=\"services-item-two\">\r\n                                <div class=\"services-thumb-two\">\r\n                                    <img decoding=\"async\" src=\"https:\/\/mobixpartners.com\/wp-content\/uploads\/2023\/08\/oturum-izni.webp\" alt=\"Image\">\r\n\r\n                                                                            <div class=\"item-shape\">\r\n                                            <img decoding=\"async\" src=\"https:\/\/themedox.com\/gerow\/wp-content\/uploads\/2023\/08\/services_item_shape.png\" alt=\"Shape\">\r\n                                        <\/div>\r\n                                                                    <\/div>\r\n                                <div class=\"services-content-two\">\r\n                                                                            <div class=\"icon\">\r\n                                            <i aria-hidden=\"true\" class=\"genix flaticon-winner\"><\/i>                                        <\/div>\r\n                                                                        <h2 class=\"title\"><a href=\"https:\/\/mobixpartners.com\/ru\/Hizmetlerimiz\/oturum-izni\/\">Oturum izni<\/a><\/h2>\r\n                                                                            <p>Morem ipsum dolor ametey consectre adipiscing.<\/p>\r\n                                                                    <\/div>\r\n                            <\/div>\r\n                        <\/div>\r\n                    \r\n                \r\n                                            <div class=\"col-xl-3 col-lg-4 col-md-6 col-sm-8\">\r\n                            <div class=\"services-item-two\">\r\n                                <div class=\"services-thumb-two\">\r\n                                    <img decoding=\"async\" src=\"https:\/\/mobixpartners.com\/wp-content\/uploads\/2023\/08\/gayrimenkul-danismanligi.webp\" alt=\"Image\">\r\n\r\n                                                                            <div class=\"item-shape\">\r\n                                            <img decoding=\"async\" src=\"https:\/\/themedox.com\/gerow\/wp-content\/uploads\/2023\/08\/services_item_shape.png\" alt=\"Shape\">\r\n                                        <\/div>\r\n                                                                    <\/div>\r\n                                <div class=\"services-content-two\">\r\n                                                                            <div class=\"icon\">\r\n                                            <i aria-hidden=\"true\" class=\"genix flaticon-property-insurance\"><\/i>                                        <\/div>\r\n                                                                        <h2 class=\"title\"><a href=\"https:\/\/mobixpartners.com\/ru\/Hizmetlerimiz\/gayrimenkul-danismanligi\/\">Gayrimenkul Dan\u0131\u015fmanl\u0131\u011f\u0131<\/a><\/h2>\r\n                                                                            <p>Morem ipsum dolor ametey consectre adipiscing.<\/p>\r\n                                                                    <\/div>\r\n                            <\/div>\r\n                        <\/div>\r\n                    \r\n                \r\n                                            <div class=\"col-xl-3 col-lg-4 col-md-6 col-sm-8\">\r\n                            <div class=\"services-item-two\">\r\n                                <div class=\"services-thumb-two\">\r\n                                    <img decoding=\"async\" src=\"https:\/\/mobixpartners.com\/wp-content\/uploads\/2023\/08\/muhasebe-hizmetleri.webp\" alt=\"Image\">\r\n\r\n                                                                            <div class=\"item-shape\">\r\n                                            <img decoding=\"async\" src=\"https:\/\/themedox.com\/gerow\/wp-content\/uploads\/2023\/08\/services_item_shape.png\" alt=\"Shape\">\r\n                                        <\/div>\r\n                                                                    <\/div>\r\n                                <div class=\"services-content-two\">\r\n                                                                            <div class=\"icon\">\r\n                                            <i aria-hidden=\"true\" class=\"genix flaticon-taxes\"><\/i>                                        <\/div>\r\n                                                                        <h2 class=\"title\"><a href=\"https:\/\/mobixpartners.com\/ru\/Hizmetlerimiz\/muhasebe-hizmetleri\/\">Muhasebe Hizmetleri<\/a><\/h2>\r\n                                                                            <p>Morem ipsum dolor ametey consectre adipiscing.<\/p>\r\n                                                                    <\/div>\r\n                            <\/div>\r\n                        <\/div>\r\n                    \r\n                \r\n                                            <div class=\"col-xl-3 col-lg-4 col-md-6 col-sm-8\">\r\n                            <div class=\"services-item-two\">\r\n                                <div class=\"services-thumb-two\">\r\n                                    <img decoding=\"async\" src=\"https:\/\/mobixpartners.com\/wp-content\/uploads\/2024\/02\/ajans.webp\" alt=\"Image\">\r\n\r\n                                                                            <div class=\"item-shape\">\r\n                                            <img decoding=\"async\" src=\"https:\/\/themedox.com\/gerow\/wp-content\/uploads\/2023\/08\/services_item_shape.png\" alt=\"Shape\">\r\n                                        <\/div>\r\n                                                                    <\/div>\r\n                                <div class=\"services-content-two\">\r\n                                                                            <div class=\"icon\">\r\n                                            <i aria-hidden=\"true\" class=\"genix flaticon-megaphone\"><\/i>                                        <\/div>\r\n                                                                        <h2 class=\"title\"><a href=\"https:\/\/mobixpartners.com\/ru\/Hizmetlerimiz\/reklam-tanitim\/\">Reklam-Tan\u0131t\u0131m<\/a><\/h2>\r\n                                                                            <p>Morem ipsum dolor ametey consectre adipiscing.<\/p>\r\n                                                                    <\/div>\r\n                            <\/div>\r\n                        <\/div>\r\n                    \r\n                \r\n                                            <div class=\"col-xl-3 col-lg-4 col-md-6 col-sm-8\">\r\n                            <div class=\"services-item-two\">\r\n                                <div class=\"services-thumb-two\">\r\n                                    <img decoding=\"async\" src=\"https:\/\/mobixpartners.com\/wp-content\/uploads\/2023\/08\/operasyon-hizmetleri.webp\" alt=\"Image\">\r\n\r\n                                                                            <div class=\"item-shape\">\r\n                                            <img decoding=\"async\" src=\"https:\/\/themedox.com\/gerow\/wp-content\/uploads\/2023\/08\/services_item_shape.png\" alt=\"Shape\">\r\n                                        <\/div>\r\n                                                                    <\/div>\r\n                                <div class=\"services-content-two\">\r\n                                                                            <div class=\"icon\">\r\n                                            <i aria-hidden=\"true\" class=\"genix flaticon-puzzle-piece\"><\/i>                                        <\/div>\r\n                                                                        <h2 class=\"title\"><a href=\"https:\/\/mobixpartners.com\/ru\/Hizmetlerimiz\/operasyonel-hizmetler\/\">Operasyonel Hizmetler<\/a><\/h2>\r\n                                                                            <p>Morem ipsum dolor ametey consectre adipiscing.<\/p>\r\n                                                                    <\/div>\r\n                            <\/div>\r\n                        <\/div>\r\n                    \r\n                \r\n                                            <div class=\"col-xl-3 col-lg-4 col-md-6 col-sm-8\">\r\n                            <div class=\"services-item-two\">\r\n                                <div class=\"services-thumb-two\">\r\n                                    <img decoding=\"async\" src=\"https:\/\/mobixpartners.com\/wp-content\/uploads\/2023\/08\/services07.jpg\" alt=\"Image\">\r\n\r\n                                                                            <div class=\"item-shape\">\r\n                                            <img decoding=\"async\" src=\"https:\/\/themedox.com\/gerow\/wp-content\/uploads\/2023\/08\/services_item_shape.png\" alt=\"Shape\">\r\n                                        <\/div>\r\n                                                                    <\/div>\r\n                                <div class=\"services-content-two\">\r\n                                                                            <div class=\"icon\">\r\n                                            <i aria-hidden=\"true\" class=\"genix flaticon-settings\"><\/i>                                        <\/div>\r\n                                                                        <h2 class=\"title\"><a href=\"https:\/\/mobixpartners.com\/ru\/Hizmetlerimiz\/ek-hizmetler\/\">Ek Hizmetler<\/a><\/h2>\r\n                                                                            <p>Morem ipsum dolor ametey consectre adipiscing.<\/p>\r\n                                                                    <\/div>\r\n                            <\/div>\r\n                        <\/div>\r\n                    \r\n                \r\n                                            <div class=\"col-xl-3 col-lg-4 col-md-6 col-sm-8\">\r\n                            <div class=\"services-item-two\">\r\n                                <div class=\"services-thumb-two\">\r\n                                    <img decoding=\"async\" src=\"https:\/\/mobixpartners.com\/wp-content\/uploads\/2024\/02\/bilisim-hizmetleri.webp\" alt=\"Image\">\r\n\r\n                                                                            <div class=\"item-shape\">\r\n                                            <img decoding=\"async\" src=\"https:\/\/themedox.com\/gerow\/wp-content\/uploads\/2023\/08\/services_item_shape.png\" alt=\"Shape\">\r\n                                        <\/div>\r\n                                                                    <\/div>\r\n                                <div class=\"services-content-two\">\r\n                                                                            <div class=\"icon\">\r\n                                            <i aria-hidden=\"true\" class=\"fal fa-laptop-code\"><\/i>                                        <\/div>\r\n                                                                        <h2 class=\"title\"><a href=\"https:\/\/mobixpartners.com\/ru\/Hizmetlerimiz\/\u0438\u043d\u0444\u043e\u0440\u043c\u0430\u0446\u0438\u043e\u043d\u043d\u044b\u0435-\u0443\u0441\u043b\u0443\u0433\u0438\/\">Bili\u015fim Hizmetleri<\/a><\/h2>\r\n                                                                            <p>Morem ipsum dolor ametey consectre adipiscing.<\/p>\r\n                                                                    <\/div>\r\n                            <\/div>\r\n                        <\/div>\r\n                    \r\n                            <\/div>\r\n\r\n        \r\n\t\t\t\t<\/div>\n\t\t\t\t<\/div>\n\t\t\t\t\t<\/div>\n\t\t<\/div>\n\t\t\t\t\t<\/div>\n\t\t<\/section>\n\t\t\t\t\t<\/div>\n\t\t<\/div>\n\t\t\t\t\t<\/div>\n\t\t<\/section>\n\t\t\t\t<\/div>","protected":false},"excerpt":{"rendered":"<p>Sizin \u0130\u00e7in Ne Yap\u0131yoruz? \u0130lham Verebilir ve Farkl\u0131 Hizmetler Sunabiliriz. Karada\u011f&#8217;da \u015firket kurma, oturum izni alma veya gayrimenkul yat\u0131r\u0131m\u0131 m\u0131 yapmak istiyorsunuz? Mobix Partners, bu alandaki t\u00fcm ihtiya\u00e7lar\u0131n\u0131z i\u00e7in tek adrestir. \u015eirket Kurulumu Morem ipsum dolor ametey consectre adipiscing. Oturum izni Morem ipsum dolor ametey consectre adipiscing. Gayrimenkul Dan\u0131\u015fmanl\u0131\u011f\u0131 Morem ipsum dolor ametey consectre adipiscing. [&hellip;]<\/p>","protected":false},"author":1,"featured_media":2413,"parent":0,"menu_order":0,"comment_status":"closed","ping_status":"closed","template":"","meta":{"_acf_changed":false,"_monsterinsights_skip_tracking":false,"_monsterinsights_sitenote_active":false,"_monsterinsights_sitenote_note":"","_monsterinsights_sitenote_category":0,"footnotes":""},"class_list":["post-1585","page","type-page","status-publish","has-post-thumbnail","hentry"],"acf":[],"aioseo_notices":[],"_links":{"self":[{"href":"https:\/\/mobixpartners.com\/ru\/wp-json\/wp\/v2\/pages\/1585","targetHints":{"allow":["GET"]}}],"collection":[{"href":"https:\/\/mobixpartners.com\/ru\/wp-json\/wp\/v2\/pages"}],"about":[{"href":"https:\/\/mobixpartners.com\/ru\/wp-json\/wp\/v2\/types\/page"}],"author":[{"embeddable":true,"href":"https:\/\/mobixpartners.com\/ru\/wp-json\/wp\/v2\/users\/1"}],"replies":[{"embeddable":true,"href":"https:\/\/mobixpartners.com\/ru\/wp-json\/wp\/v2\/comments?post=1585"}],"version-history":[{"count":0,"href":"https:\/\/mobixpartners.com\/ru\/wp-json\/wp\/v2\/pages\/1585\/revisions"}],"wp:featuredmedia":[{"embeddable":true,"href":"https:\/\/mobixpartners.com\/ru\/wp-json\/wp\/v2\/media\/2413"}],"wp:attachment":[{"href":"https:\/\/mobixpartners.com\/ru\/wp-json\/wp\/v2\/media?parent=1585"}],"curies":[{"name":"wp","href":"https:\/\/api.w.org\/{rel}","templated":true}]}}