{"id":1296,"date":"2024-02-08T22:16:21","date_gmt":"2024-02-08T22:16:21","guid":{"rendered":"https:\/\/mobixpartners.com\/?page_id=1296"},"modified":"2024-03-24T21:50:38","modified_gmt":"2024-03-24T21:50:38","slug":"sik-sorulan-sorular","status":"publish","type":"page","link":"https:\/\/mobixpartners.com\/zh\/sik-sorulan-sorular\/","title":{"rendered":"\u5e38\u95ee\u95ee\u9898"},"content":{"rendered":"<div data-elementor-type=\"wp-page\" data-elementor-id=\"1296\" class=\"elementor elementor-1296\" data-elementor-post-type=\"page\">\n\t\t\t\t\t\t<section class=\"elementor-section elementor-top-section elementor-element elementor-element-f1eb5ad elementor-section-boxed elementor-section-height-default elementor-section-height-default\" data-id=\"f1eb5ad\" data-element_type=\"section\" data-settings=\"{&quot;background_background&quot;:&quot;classic&quot;}\">\n\t\t\t\t\t\t<div class=\"elementor-container elementor-column-gap-no\">\n\t\t\t\t\t<div class=\"elementor-column elementor-col-100 elementor-top-column elementor-element elementor-element-cc7ae77\" data-id=\"cc7ae77\" data-element_type=\"column\">\n\t\t\t<div class=\"elementor-widget-wrap elementor-element-populated\">\n\t\t\t\t\t\t<section class=\"elementor-section elementor-inner-section elementor-element elementor-element-2c4d885 elementor-section-full_width elementor-section-content-middle elementor-section-height-default elementor-section-height-default\" data-id=\"2c4d885\" data-element_type=\"section\">\n\t\t\t\t\t\t<div class=\"elementor-container elementor-column-gap-no\">\n\t\t\t\t\t<div class=\"elementor-column elementor-col-50 elementor-inner-column elementor-element elementor-element-5f1b90a\" data-id=\"5f1b90a\" data-element_type=\"column\">\n\t\t\t<div class=\"elementor-widget-wrap elementor-element-populated\">\n\t\t\t\t\t\t<div class=\"elementor-element elementor-element-d7273d4 elementor-widget elementor-widget-tg-heading\" data-id=\"d7273d4\" data-element_type=\"widget\" data-widget_type=\"tg-heading.default\">\n\t\t\t\t<div class=\"elementor-widget-container\">\n\t\t\t\t\t\r\n        \r\n            <div class=\"section-title-two tg-heading-subheading animation-style3\">\r\n                                    <span class=\"sub-title\">\u5e38\u95ee\u95ee\u9898<\/span>\r\n                                <h2 class=\"title tg-element-title\">En \u00c7ok Merak Edilen Sorular\u0131n Cevaplar\u0131na Buradan Ula\u015fabilirsiniz<\/h2>            <\/div>\r\n\r\n        \r\n\t\t\t\t<\/div>\n\t\t\t\t<\/div>\n\t\t\t\t\t<\/div>\n\t\t<\/div>\n\t\t\t\t<div class=\"elementor-column elementor-col-50 elementor-inner-column elementor-element elementor-element-23a3a95\" data-id=\"23a3a95\" data-element_type=\"column\">\n\t\t\t<div class=\"elementor-widget-wrap elementor-element-populated\">\n\t\t\t\t\t\t<div class=\"elementor-element elementor-element-af9592b elementor-widget__width-initial mx-auto me-lg-0 ms-lg-auto elementor-widget elementor-widget-heading\" data-id=\"af9592b\" data-element_type=\"widget\" data-widget_type=\"heading.default\">\n\t\t\t\t<div class=\"elementor-widget-container\">\n\t\t\t\t\t<p class=\"elementor-heading-title elementor-size-default\">Mobix Partners, Karada\u011f'da \u015firket kurulumu, oturum izni ve gayrimenkul dan\u0131\u015fmanl\u0131\u011f\u0131 konular\u0131nda uzmanla\u015fm\u0131\u015f bir \u015firkettir. \nS\u0131k sorulan sorular sayfam\u0131zda, Karada\u011f'da i\u015f, ya\u015fam ve yat\u0131r\u0131mla ilgili en yayg\u0131n sorular\u0131n\u0131z\u0131n yan\u0131tlar\u0131n\u0131 bulabilirsiniz.<\/p>\t\t\t\t<\/div>\n\t\t\t\t<\/div>\n\t\t\t\t\t<\/div>\n\t\t<\/div>\n\t\t\t\t\t<\/div>\n\t\t<\/section>\n\t\t\t\t<section class=\"elementor-section elementor-inner-section elementor-element elementor-element-a14e6f4 elementor-section-full_width elementor-section-height-default elementor-section-height-default\" data-id=\"a14e6f4\" data-element_type=\"section\">\n\t\t\t\t\t\t<div class=\"elementor-container elementor-column-gap-no\">\n\t\t\t\t\t<div class=\"elementor-column elementor-col-100 elementor-inner-column elementor-element elementor-element-b64c54b\" data-id=\"b64c54b\" data-element_type=\"column\">\n\t\t\t<div class=\"elementor-widget-wrap elementor-element-populated\">\n\t\t\t\t\t\t<div class=\"elementor-element elementor-element-92e58ea elementor-widget elementor-widget-genix-faq\" data-id=\"92e58ea\" data-element_type=\"widget\" data-widget_type=\"genix-faq.default\">\n\t\t\t\t<div class=\"elementor-widget-container\">\n\t\t\t\t\t\r\n        \r\n            <div class=\"faq-content\">\r\n                <div class=\"accordion-wrap\">\r\n                    <div class=\"accordion\" id=\"accordionExample\">\r\n\r\n                                                    <div class=\"accordion-item\">\r\n                                <h2 class=\"accordion-header\" id=\"headingOne-0\">\r\n                                    <button class=\"accordion-button\" type=\"button\" data-bs-toggle=\"collapse\" data-bs-target=\"#collapseOne-0\" aria-expanded=\"true\" aria-controls=\"collapseOne-0\">\r\n                                        Karada\u011f&#039;da \u015firket a\u00e7man\u0131n faydalar\u0131 nelerdir?                                    <\/button>\r\n                                <\/h2>\r\n                                <div id=\"collapseOne-0\" class=\"accordion-collapse collapse show\" aria-labelledby=\"headingOne-0\" data-bs-parent=\"#accordionExample\">\r\n                                    <div class=\"accordion-body\">\r\n                                        <p>Karada\u011f, 2025 y\u0131l\u0131nda AB ye girmesi beklenen ilk \u00fclkedir.\nD\u00fc\u015f\u00fck vergi oran\u0131, sadece1 haftada \u015firket kurmak i\u00e7in h\u0131zl\u0131 prosed\u00fcr ve esnek bir vergi sistemi, Karada\u011f\u2019da \u015firket a\u00e7mak isteyen t\u00fcm yabanc\u0131lar i\u00e7in ek bir avantajd\u0131r. Karada\u011f\u2019da kurumlar vergisi sadece %9\u2019dur ve Avrupa\u2019daki en d\u00fc\u015f\u00fck kurumlar vergisini temsil eder, ayn\u0131 zamanda d\u00fcnyan\u0131n en d\u00fc\u015f\u00fck kurumlar vergilerinden biridir.\nEk olarak, \u015firketin a\u00e7\u0131l\u0131\u015f\u0131, yabanc\u0131lara uzatma imkan\u0131 ile bir y\u0131ll\u0131k bir s\u00fcre i\u00e7in Karada\u011f\u2019da ge\u00e7ici ikamet ba\u015fvurusunda bulunma f\u0131rsat\u0131 veriyor. Buna ek olarak, \u015firkette %50\u2019den fazla hisseye sahip olan ve ayn\u0131 zamanda Karada\u011f Kanunlar\u0131 uyar\u0131nca \u015firketin y\u00f6neticisi olan bir ki\u015fi, daimi oturma izni alma hakk\u0131na sahiptir (ge\u00e7ici oturma ve \u00e7al\u0131\u015fma izninin 5 y\u0131l d\u00fczenli olarak yenilenmesinden sonra ve yasal d\u00fczenlemelere uygun olarak).\nEk bir fayda, Yabanc\u0131lar Kanunu\u2019nun \u00f6ng\u00f6rd\u00fc\u011f\u00fc daha \u00f6nce yerine getirilmi\u015f ko\u015fullarla al\u0131nan art arda be\u015f ge\u00e7ici oturma izni durumunda, \u015firket m\u00fcd\u00fcr\u00fc i\u00e7in daimi oturma izni alma olas\u0131l\u0131\u011f\u0131d\u0131r.\nBuna ek olarak, bir aile \u00fcyesi \u00e7al\u0131\u015f\u0131yorsa ve ge\u00e7ici oturma ve \u00e7al\u0131\u015fma iznine sahipse, di\u011fer aile \u00fcyeleri (e\u015f ve 17 ya\u015f\u0131n alt\u0131ndaki \u00e7ocuklar) ek \u00fccret \u00f6demeden \u00fccretsiz sa\u011fl\u0131k sigortas\u0131 hakk\u0131na sahiptir.<\/p>\r\n                                    <\/div>\r\n                                <\/div>\r\n                            <\/div>\r\n                                                    <div class=\"accordion-item\">\r\n                                <h2 class=\"accordion-header\" id=\"headingOne-1\">\r\n                                    <button class=\"accordion-button collapsed\" type=\"button\" data-bs-toggle=\"collapse\" data-bs-target=\"#collapseOne-1\" aria-expanded=\"true\" aria-controls=\"collapseOne-1\">\r\n                                        Bir yabanc\u0131 Karada\u011f&#039;da \u015firket a\u00e7abilir mi ve \u015firket a\u00e7mak i\u00e7in hangi belgeler gereklidir?                                    <\/button>\r\n                                <\/h2>\r\n                                <div id=\"collapseOne-1\" class=\"accordion-collapse collapse\" aria-labelledby=\"headingOne-1\" data-bs-parent=\"#accordionExample\">\r\n                                    <div class=\"accordion-body\">\r\n                                        <p>Yabanc\u0131 vatanda\u015flar Karada\u011f vatanda\u015flar\u0131yla ayn\u0131 ko\u015fullar alt\u0131nda Karada\u011f\u2019da \u015firket a\u00e7abilirler. \u015eirket kurulumu sayfam\u0131zdan bu konudaki gerekli belgelere ula\u015fabilirsiniz.\n\u015eirket kurulu\u015f s\u00fcreci son derece h\u0131zl\u0131d\u0131r ve 7 g\u00fcnden k\u0131sa s\u00fcrer. Kurucunun \u015firket a\u00e7ma s\u00fcrecine bizzat kat\u0131lamayacak olmas\u0131 durumunda m\u00fc\u015fterilerimize, noter tasdikli ve Apostil tasdikli vekaletname ile \u015firket a\u00e7ma olana\u011f\u0131 da sunuyoruz. Daha fazla bilgi i\u00e7in bizimle ileti\u015fime ge\u00e7in.<\/p>\r\n                                    <\/div>\r\n                                <\/div>\r\n                            <\/div>\r\n                                                    <div class=\"accordion-item\">\r\n                                <h2 class=\"accordion-header\" id=\"headingOne-2\">\r\n                                    <button class=\"accordion-button collapsed\" type=\"button\" data-bs-toggle=\"collapse\" data-bs-target=\"#collapseOne-2\" aria-expanded=\"true\" aria-controls=\"collapseOne-2\">\r\n                                        Karada\u011f&#039;da hangi t\u00fcr \u015firketler kurmak m\u00fcmk\u00fcn?                                    <\/button>\r\n                                <\/h2>\r\n                                <div id=\"collapseOne-2\" class=\"accordion-collapse collapse\" aria-labelledby=\"headingOne-2\" data-bs-parent=\"#accordionExample\">\r\n                                    <div class=\"accordion-body\">\r\n                                        <p>Karada\u011f\u2019da \u015fu tipte \u015firketlerin kurulmas\u0131 m\u00fcmk\u00fcnd\u00fcr: Giri\u015fimci (\u015eah\u0131s \u015eirketi), Ortakl\u0131k \u015eirketi, Limited Ortakl\u0131k, Anonim \u015eirket, Limited \u015eirketin \u015eubesi, Yabanc\u0131 \u015eirketin \u015eubesi<\/p>\r\n                                    <\/div>\r\n                                <\/div>\r\n                            <\/div>\r\n                                                    <div class=\"accordion-item\">\r\n                                <h2 class=\"accordion-header\" id=\"headingOne-3\">\r\n                                    <button class=\"accordion-button collapsed\" type=\"button\" data-bs-toggle=\"collapse\" data-bs-target=\"#collapseOne-3\" aria-expanded=\"true\" aria-controls=\"collapseOne-3\">\r\n                                        T\u00fcrkiye&#039;deki vergi ve\/veya kredi bor\u00e7lar\u0131m Karada\u011f\u2019 da \u015firket a\u00e7mama engel olur mu?                                    <\/button>\r\n                                <\/h2>\r\n                                <div id=\"collapseOne-3\" class=\"accordion-collapse collapse\" aria-labelledby=\"headingOne-3\" data-bs-parent=\"#accordionExample\">\r\n                                    <div class=\"accordion-body\">\r\n                                        <p>Karada\u011f\u2019 da \u015firket kurarken \u015fahs\u0131n\u0131z\u0131n T\u00fcrkiye\u2019deki finansal durumu ve\/veya bor\u00e7lar\u0131 Karada\u011f\u2019 da a\u00e7aca\u011f\u0131n\u0131z herhangi bir i\u015fletmeyi etkilemez. Ancak adli sicilinizin elbette ki uygun olmas\u0131 gerekmektedir.<\/p>\r\n                                    <\/div>\r\n                                <\/div>\r\n                            <\/div>\r\n                                                    <div class=\"accordion-item\">\r\n                                <h2 class=\"accordion-header\" id=\"headingOne-4\">\r\n                                    <button class=\"accordion-button collapsed\" type=\"button\" data-bs-toggle=\"collapse\" data-bs-target=\"#collapseOne-4\" aria-expanded=\"true\" aria-controls=\"collapseOne-4\">\r\n                                        Hem T\u00fcrkiye\u2019de hem Karada\u011f\u2019da \u015firketim olabilir mi? Her iki \u00fclkede de \u00e7al\u0131\u015fan olarak g\u00f6r\u00fcnebilir miyim?                                    <\/button>\r\n                                <\/h2>\r\n                                <div id=\"collapseOne-4\" class=\"accordion-collapse collapse\" aria-labelledby=\"headingOne-4\" data-bs-parent=\"#accordionExample\">\r\n                                    <div class=\"accordion-body\">\r\n                                        <p>Elbette ki hem T\u00fcrkiye\u2019de hem Karada\u011f\u2019  \u015firketinizin olmas\u0131na bir engel yoktur ve her iki \u00fclkede de \u00e7al\u0131\u015fan olarak g\u00f6r\u00fcnebilirsiniz.<\/p>\r\n                                    <\/div>\r\n                                <\/div>\r\n                            <\/div>\r\n                                                    <div class=\"accordion-item\">\r\n                                <h2 class=\"accordion-header\" id=\"headingOne-5\">\r\n                                    <button class=\"accordion-button collapsed\" type=\"button\" data-bs-toggle=\"collapse\" data-bs-target=\"#collapseOne-5\" aria-expanded=\"true\" aria-controls=\"collapseOne-5\">\r\n                                        \u015eirket kurmak i\u00e7in Karada\u011f\u2019a gitmem gerekir mi?                                    <\/button>\r\n                                <\/h2>\r\n                                <div id=\"collapseOne-5\" class=\"accordion-collapse collapse\" aria-labelledby=\"headingOne-5\" data-bs-parent=\"#accordionExample\">\r\n                                    <div class=\"accordion-body\">\r\n                                        <p>Karada\u011f\u2019a gitmeden vek\u00e2letle \u015firket kurdurabilirsiniz fakat \u00e7al\u0131\u015fma ve oturum izni ba\u015fvurunuz i\u00e7in Karada\u011f\u2019da bulunman\u0131z \u015fartt\u0131r.<\/p>\r\n                                    <\/div>\r\n                                <\/div>\r\n                            <\/div>\r\n                                                    <div class=\"accordion-item\">\r\n                                <h2 class=\"accordion-header\" id=\"headingOne-6\">\r\n                                    <button class=\"accordion-button collapsed\" type=\"button\" data-bs-toggle=\"collapse\" data-bs-target=\"#collapseOne-6\" aria-expanded=\"true\" aria-controls=\"collapseOne-6\">\r\n                                        \u015eirket a\u00e7ma s\u00fcreci ne kadar s\u00fcrer ve kurucunun \u015fahsen bulunmas\u0131 gerekli midir?                                    <\/button>\r\n                                <\/h2>\r\n                                <div id=\"collapseOne-6\" class=\"accordion-collapse collapse\" aria-labelledby=\"headingOne-6\" data-bs-parent=\"#accordionExample\">\r\n                                    <div class=\"accordion-body\">\r\n                                        <p>\u015eirket kurulu\u015f s\u00fcreci ortalama 7 g\u00fcn s\u00fcrmektedir. Kurucunun \u015firket a\u00e7ma s\u00fcrecine bizzat kat\u0131lamayacak olmas\u0131 durumunda dan\u0131\u015fanlar\u0131m\u0131zdan, noter tasdikli ve Apostil tasdikli vekaletname rica ederek i\u015flemleri ba\u015flatabilmekteyiz.<\/p>\r\n                                    <\/div>\r\n                                <\/div>\r\n                            <\/div>\r\n                                                    <div class=\"accordion-item\">\r\n                                <h2 class=\"accordion-header\" id=\"headingOne-7\">\r\n                                    <button class=\"accordion-button collapsed\" type=\"button\" data-bs-toggle=\"collapse\" data-bs-target=\"#collapseOne-7\" aria-expanded=\"true\" aria-controls=\"collapseOne-7\">\r\n                                        Karada\u011f&#039;da \u015firket kursam ve sonra hi\u00e7 i\u015f yapmasam bu sorun olur mu?                                    <\/button>\r\n                                <\/h2>\r\n                                <div id=\"collapseOne-7\" class=\"accordion-collapse collapse\" aria-labelledby=\"headingOne-7\" data-bs-parent=\"#accordionExample\">\r\n                                    <div class=\"accordion-body\">\r\n                                        <p>\u015eu anki yasalarla sahibi yabanc\u0131 olan \u015firketler i\u00e7in herhangi bir i\u015f yapma veya ciro g\u00f6sterme zorunlulu\u011fu bulunmamaktad\u0131r. Vergi d\u00f6nemini s\u0131f\u0131r ciro ile bitiren \u015firket sahipleri oturum haklar\u0131ndan yararlanmaya devam eder.<\/p>\r\n                                    <\/div>\r\n                                <\/div>\r\n                            <\/div>\r\n                                                    <div class=\"accordion-item\">\r\n                                <h2 class=\"accordion-header\" id=\"headingOne-8\">\r\n                                    <button class=\"accordion-button collapsed\" type=\"button\" data-bs-toggle=\"collapse\" data-bs-target=\"#collapseOne-8\" aria-expanded=\"true\" aria-controls=\"collapseOne-8\">\r\n                                        Karada\u011f\u2019da \u015firket kurdu\u011fumda ka\u00e7 y\u0131ll\u0131k oturum al\u0131r\u0131m?                                    <\/button>\r\n                                <\/h2>\r\n                                <div id=\"collapseOne-8\" class=\"accordion-collapse collapse\" aria-labelledby=\"headingOne-8\" data-bs-parent=\"#accordionExample\">\r\n                                    <div class=\"accordion-body\">\r\n                                        <p>Karada\u011f\u2019da \u015firket kurararak ilk etapta 1 y\u0131ll\u0131k ge\u00e7ici oturum ve \u00e7al\u0131\u015fma izni al\u0131rs\u0131n\u0131z.\n<\/p>\r\n                                    <\/div>\r\n                                <\/div>\r\n                            <\/div>\r\n                                                    <div class=\"accordion-item\">\r\n                                <h2 class=\"accordion-header\" id=\"headingOne-9\">\r\n                                    <button class=\"accordion-button collapsed\" type=\"button\" data-bs-toggle=\"collapse\" data-bs-target=\"#collapseOne-9\" aria-expanded=\"true\" aria-controls=\"collapseOne-9\">\r\n                                        Karada\u011f&#039;da aile birle\u015fimi kapsam\u0131nda ge\u00e7ici oturma ve \u00e7al\u0131\u015fma izni almak i\u00e7in yabanc\u0131lar\u0131n hangi belgelere ihtiyac\u0131 vard\u0131r?                                    <\/button>\r\n                                <\/h2>\r\n                                <div id=\"collapseOne-9\" class=\"accordion-collapse collapse\" aria-labelledby=\"headingOne-9\" data-bs-parent=\"#accordionExample\">\r\n                                    <div class=\"accordion-body\">\r\n                                        <p>Yabanc\u0131lar, bir aile \u00fcyesinin halihaz\u0131rda ge\u00e7ici oturma iznine sahip olmas\u0131 durumunda, istihdam, gayrimenkul m\u00fclkiyeti veya aile birle\u015fimi temelinde mevsimlik veya y\u0131ll\u0131k ge\u00e7ici oturma izni alabilirler. Bir adli sicil belgesi, evlilik c\u00fczdan\u0131, adres kayd\u0131, pasaport, do\u011fum belgesi gibi belgeler temin edilmelidir. Bir yabanc\u0131n\u0131n Karada\u011f\u2019a girdikten sonraki 24 saat i\u00e7inde turist kayd\u0131 yapt\u0131rmas\u0131 son derece \u00f6nemlidir. \u00c7\u00fcnk\u00fc bu i\u015flemin yap\u0131lmamas\u0131 halinde \u00e7al\u0131\u015fma iznine ba\u015fvurmak i\u00e7in gerekli olan yasal s\u00fcre\u00e7 ba\u015flat\u0131lamamaktad\u0131r.<\/p>\r\n                                    <\/div>\r\n                                <\/div>\r\n                            <\/div>\r\n                                                    <div class=\"accordion-item\">\r\n                                <h2 class=\"accordion-header\" id=\"headingOne-10\">\r\n                                    <button class=\"accordion-button collapsed\" type=\"button\" data-bs-toggle=\"collapse\" data-bs-target=\"#collapseOne-10\" aria-expanded=\"true\" aria-controls=\"collapseOne-10\">\r\n                                        Karada\u011f\u2019da oturum ald\u0131\u011f\u0131mda di\u011fer Avrupa \u00fclkelerine vizesiz gidebilir miyim?                                    <\/button>\r\n                                <\/h2>\r\n                                <div id=\"collapseOne-10\" class=\"accordion-collapse collapse\" aria-labelledby=\"headingOne-10\" data-bs-parent=\"#accordionExample\">\r\n                                    <div class=\"accordion-body\">\r\n                                        <p>E\u011fer T.C. pasaportuna sahipseniz ve Karada\u011f\u2019da ge\u00e7ici oturum izniniz varsa, bu durum ba\u015fka bir Avrupa Birli\u011fi veya Schengen \u00fclkesine seyahat etmenizi sa\u011flamaz. \u0130lgili \u00fclkelerin vize kurallar\u0131 aynen ge\u00e7erlidir. Ancak Karada\u011f\u2019 da \u015firket kurulumu yapm\u0131\u015f ve t\u00fcm giderlerini d\u00fczenli \u00f6demi\u015f ki\u015filer ya da bir s\u00fcredir \u00e7al\u0131\u015fma ve oturum izni olan ki\u015filer Schengen vizesine rahatl\u0131kla ba\u015fvurabilmektedir. Maa\u015f\u0131n\u0131z\u0131n d\u00fczenli \u00f6denmi\u015f olmas\u0131, belli bir maddi kaynak, vergilerinizin yat\u0131r\u0131lm\u0131\u015f olmas\u0131, Karada\u011f\u2019 da d\u00fczenli bir adrese sahip olman\u0131z en \u00f6nemli etkenlerdendir.<\/p>\r\n                                    <\/div>\r\n                                <\/div>\r\n                            <\/div>\r\n                                            <\/div>\r\n                <\/div>\r\n            <\/div>\r\n\r\n        \t\t\t\t<\/div>\n\t\t\t\t<\/div>\n\t\t\t\t\t<\/div>\n\t\t<\/div>\n\t\t\t\t\t<\/div>\n\t\t<\/section>\n\t\t\t\t\t<\/div>\n\t\t<\/div>\n\t\t\t\t\t<\/div>\n\t\t<\/section>\n\t\t\t\t<\/div>","protected":false},"excerpt":{"rendered":"<p>S\u0131k Sorulan Sorular En \u00c7ok Merak Edilen Sorular\u0131n Cevaplar\u0131na Buradan Ula\u015fabilirsiniz Mobix Partners, Karada\u011f&#8217;da \u015firket kurulumu, oturum izni ve gayrimenkul dan\u0131\u015fmanl\u0131\u011f\u0131 konular\u0131nda uzmanla\u015fm\u0131\u015f bir \u015firkettir. S\u0131k sorulan sorular sayfam\u0131zda, Karada\u011f&#8217;da i\u015f, ya\u015fam ve yat\u0131r\u0131mla ilgili en yayg\u0131n sorular\u0131n\u0131z\u0131n yan\u0131tlar\u0131n\u0131 bulabilirsiniz. Karada\u011f&#039;da \u015firket a\u00e7man\u0131n faydalar\u0131 nelerdir? Karada\u011f, 2025 y\u0131l\u0131nda AB ye girmesi beklenen ilk \u00fclkedir. D\u00fc\u015f\u00fck [&hellip;]<\/p>","protected":false},"author":1,"featured_media":2416,"parent":0,"menu_order":0,"comment_status":"closed","ping_status":"closed","template":"elementor_header_footer","meta":{"_acf_changed":false,"_monsterinsights_skip_tracking":false,"_monsterinsights_sitenote_active":false,"_monsterinsights_sitenote_note":"","_monsterinsights_sitenote_category":0,"footnotes":""},"class_list":["post-1296","page","type-page","status-publish","has-post-thumbnail","hentry"],"acf":[],"aioseo_notices":[],"_links":{"self":[{"href":"https:\/\/mobixpartners.com\/zh\/wp-json\/wp\/v2\/pages\/1296","targetHints":{"allow":["GET"]}}],"collection":[{"href":"https:\/\/mobixpartners.com\/zh\/wp-json\/wp\/v2\/pages"}],"about":[{"href":"https:\/\/mobixpartners.com\/zh\/wp-json\/wp\/v2\/types\/page"}],"author":[{"embeddable":true,"href":"https:\/\/mobixpartners.com\/zh\/wp-json\/wp\/v2\/users\/1"}],"replies":[{"embeddable":true,"href":"https:\/\/mobixpartners.com\/zh\/wp-json\/wp\/v2\/comments?post=1296"}],"version-history":[{"count":0,"href":"https:\/\/mobixpartners.com\/zh\/wp-json\/wp\/v2\/pages\/1296\/revisions"}],"wp:featuredmedia":[{"embeddable":true,"href":"https:\/\/mobixpartners.com\/zh\/wp-json\/wp\/v2\/media\/2416"}],"wp:attachment":[{"href":"https:\/\/mobixpartners.com\/zh\/wp-json\/wp\/v2\/media?parent=1296"}],"curies":[{"name":"wp","href":"https:\/\/api.w.org\/{rel}","templated":true}]}}